{"id":71,"date":"2019-03-07T14:02:19","date_gmt":"2019-03-07T14:02:19","guid":{"rendered":"https:\/\/www.crear-marcenaria-social.com\/?page_id=71"},"modified":"2022-02-04T17:20:24","modified_gmt":"2022-02-04T17:20:24","slug":"projetos-especiais","status":"publish","type":"page","link":"https:\/\/www.raizesdofazer.org\/en\/projetos-especiais\/","title":{"rendered":"Special Projects"},"content":{"rendered":"<figure class=\"wp-block-image size-full\"><img loading=\"lazy\" decoding=\"async\" width=\"800\" height=\"450\" src=\"https:\/\/www.raizesdofazer.org\/wp-content\/uploads\/2021\/07\/image.png\" alt=\"\" class=\"wp-image-199\" srcset=\"https:\/\/www.raizesdofazer.org\/wp-content\/uploads\/2021\/07\/image.png 800w, https:\/\/www.raizesdofazer.org\/wp-content\/uploads\/2021\/07\/image-300x169.png 300w, https:\/\/www.raizesdofazer.org\/wp-content\/uploads\/2021\/07\/image-768x432.png 768w\" sizes=\"auto, (max-width: 767px) 89vw, (max-width: 1000px) 54vw, (max-width: 1071px) 543px, 580px\" \/><\/figure>\n\n\n\n<figure class=\"wp-block-video\"><video height=\"480\" style=\"aspect-ratio: 852 \/ 480;\" width=\"852\" controls src=\"https:\/\/www.raizesdofazer.org\/wp-content\/uploads\/2022\/02\/Raizes-do-Fazer-PJM.mp4\"><\/video><\/figure>\n\n\n\n<figure class=\"wp-block-video\"><video controls src=\"https:\/\/www.raizesdofazer.org\/wp-content\/uploads\/2021\/09\/Instituto-Raizes-do-Fazer-Presentes-de-Natal-\u2010-Feito-com-o-Clipchamp-5.mp4\"><\/video><\/figure>\n\n\n\n<figure class=\"wp-block-video\"><video height=\"720\" style=\"aspect-ratio: 1280 \/ 720;\" width=\"1280\" controls src=\"https:\/\/www.raizesdofazer.org\/wp-content\/uploads\/2021\/10\/Encerramento-1o-Curso-Jovens-Marceneiros-10_2021-1.mp4\"><\/video><\/figure>\n\n\n\n<p><strong>Young Carpenters Project<\/strong><\/p>\n\n\n\n<p class=\"has-text-align-left\">The Ra\u00edzes do Fazer Institute launched the \u201cYoung Carpenters\u201d program in November 2020. Young Carpenters is an after-school woodworking program for boys and girls ages 14 to 18. Participants learn basic woodworking skills in a friendly and safe environment, and when they complete a project, the young people keep the items they created. The free course from the Ra\u00edzes do Fazer Institute includes design, the production of woodworking kits, product development training, product marketing, technical skills development, pricing, introductory computer classes focusing on spreadsheets, manufacturing planning, and team building.<\/p>\n\n\n\n<p><\/p>\n\n\n\n<p><strong>Advanced Module \u2013 Woodworking as a Profession <\/strong><\/p>\n\n\n\n<p><strong>Woodworking for seniors and their community<\/strong><\/p>\n\n\n\n<p><\/p>","protected":false},"excerpt":{"rendered":"<p>Projeto Jovens Marceneiros O Instituto Ra\u00edzes do Fazer, lan\u00e7ou o programa &#8220;Os Jovens Marceneiros&#8221; em Novembro de 2020. Jovens Marceneiros \u00e9 um programa de marcenaria p\u00f3s-escola para meninos e meninas de 14 a 18 anos. Os participantes aprendem habilidades b\u00e1sicas de marcenaria em um ambiente amig\u00e1vel e seguro e, quando concluem um projeto, os jovens &hellip; <\/p>\n<p class=\"link-more\"><a href=\"https:\/\/www.raizesdofazer.org\/en\/projetos-especiais\/\" class=\"more-link\">Continue reading<span class=\"screen-reader-text\"> &#8220;Projetos Especiais&#8221;<\/span><\/a><\/p>","protected":false},"author":1,"featured_media":0,"parent":0,"menu_order":0,"comment_status":"closed","ping_status":"closed","template":"","meta":{"footnotes":""},"class_list":["post-71","page","type-page","status-publish","hentry"],"_links":{"self":[{"href":"https:\/\/www.raizesdofazer.org\/en\/wp-json\/wp\/v2\/pages\/71","targetHints":{"allow":["GET"]}}],"collection":[{"href":"https:\/\/www.raizesdofazer.org\/en\/wp-json\/wp\/v2\/pages"}],"about":[{"href":"https:\/\/www.raizesdofazer.org\/en\/wp-json\/wp\/v2\/types\/page"}],"author":[{"embeddable":true,"href":"https:\/\/www.raizesdofazer.org\/en\/wp-json\/wp\/v2\/users\/1"}],"replies":[{"embeddable":true,"href":"https:\/\/www.raizesdofazer.org\/en\/wp-json\/wp\/v2\/comments?post=71"}],"version-history":[{"count":4,"href":"https:\/\/www.raizesdofazer.org\/en\/wp-json\/wp\/v2\/pages\/71\/revisions"}],"predecessor-version":[{"id":240,"href":"https:\/\/www.raizesdofazer.org\/en\/wp-json\/wp\/v2\/pages\/71\/revisions\/240"}],"wp:attachment":[{"href":"https:\/\/www.raizesdofazer.org\/en\/wp-json\/wp\/v2\/media?parent=71"}],"curies":[{"name":"wp","href":"https:\/\/api.w.org\/{rel}","templated":true}]}}